{"id":1171,"date":"2020-11-27T23:43:33","date_gmt":"2020-11-27T22:43:33","guid":{"rendered":"https:\/\/www.bis-sap.com\/?page_id=1171"},"modified":"2021-12-19T21:57:18","modified_gmt":"2021-12-19T20:57:18","slug":"gift-box-2","status":"publish","type":"page","link":"https:\/\/www.bis-sap.com\/fr\/gift-box-2\/","title":{"rendered":"Bo\u00eete cadeau"},"content":{"rendered":"<!--themify_builder_content-->\n<div id=\"themify_builder_content-1171\" data-postid=\"1171\" class=\"themify_builder_content themify_builder_content-1171 themify_builder tf_clear\">\n    \t\t\t\t<!-- module_row -->\n\t\t<div  data-css_id=\"3e45014\" data-lazy=\"1\" class=\"module_row themify_builder_row fullwidth_row_container tb_3e45014 tb_first tf_w tf_clearfix\">\n\t\t\t\t\t<div class=\"row_inner col_align_top tb_col_count_1 tf_box tf_rel\">\n\t\t\t\t\t<div  data-lazy=\"1\" class=\"module_column tb-column col-full tb_243b3fa first\">\n\t\t\t\t\t\t\t\t\t<div class=\"tb-column-inner tf_box tf_w\">\n\t\t\t\t<!-- module buttons -->\n<div  class=\"module module-buttons tb_tk4c207 buttons-horizontal solid  rounded\" data-lazy=\"1\">\n\t\t<div class=\"module-buttons-item tf_inline_b\">\n\t\t\t\t\t\t<a href=\"https:\/\/www.bis-sap.com\/product\/gift-box\/\" class=\"ui builder_button light-blue\" >\n\t\t\t\t\t\t\t\t<span class=\"tf_inline_b tf_vmiddle\">Commandez ici<\/span>\n\t\t\t\t\t\t\t\t\t\t\t\t<\/a>\n\t\t\t\t\t\t<\/div>\n\t\t\t<\/div>\n<!-- \/module buttons -->\n\t\t\t\t<\/div><!-- .tb-column-inner -->\n\t\t\t\t\t\t<\/div><!-- .module_column -->\n\t\t\t\t\t\t<\/div><!-- .row_inner -->\n\t\t<\/div><!-- .module_row -->\n\t\t\t\t\t\t\t\t<!-- module_row -->\n\t\t<div  data-lazy=\"1\" class=\"module_row themify_builder_row tb_qjd7619 tf_w tf_clearfix\">\n\t\t\t\t\t<div class=\"row_inner col_align_top tb_col_count_1 tf_box tf_rel\">\n\t\t\t\t\t<div  data-lazy=\"1\" class=\"module_column tb-column col-full tb_9s3h620 first\">\n\t\t\t\t\t\t\t\t\t<div class=\"tb-column-inner tf_box tf_w\">\n\t\t\t\t\t\t<div  data-lazy=\"1\" class=\"module_subrow themify_builder_sub_row tb_v6cb621 tf_w tf_clearfix\">\n\t\t\t\t\t<div class=\"subrow_inner gutter-none col_align_middle tb_col_count_2 tf_box tf_w\">\n\t\t\t\t\t<div  data-lazy=\"1\" class=\"module_column sub_column col2-1 tb_uh1z621 first\">\n\t\t\t\t\t\t\t\t\t<div class=\"tb-column-inner tf_box tf_w\">\n\t\t\t\t<!-- module fancy heading -->\n<div  class=\"module module-fancy-heading tb_vukb622  tb_hide_divider\" data-lazy=\"1\">\n\t    <h2 class=\"fancy-heading tf_textl\">\n    <span class=\"main-head tf_block\">\n\t\t\t\t\t Bo\u00eete cadeau\t\t    <\/span>\n\n\t\n    <span class=\"sub-head tf_block tf_rel\">\n\t\t\t\t\tPour vous-m\u00eame ou pour quelqu'un d'autre\t\t    <\/span>\n    <\/h2>\n<\/div>\n<!-- \/module fancy heading -->\n<!-- module text -->\n<div  class=\"module module-text tb_k1dn622\" data-lazy=\"1\">\n        <div  class=\"tb_text_wrap\">\n    <p>Un coffret cadeau unique contribue \u00e0 rendre les journ\u00e9es sp\u00e9ciales plus m\u00e9morables. Obtenez un paquet gratuit de fleurs d'hibiscus Moussa's Bissap en faisant en sorte que vos proches se sentent sp\u00e9ciaux avec le coffret cadeau Moussa's Bissap !<\/p>\n<p>Choisissez un jour et une heure, nous vous livrerons gratuitement.<\/p>    <\/div>\n<\/div>\n<!-- \/module text --><!-- module icon -->\n<div  class=\"module module-icon tb_2gcq622  large circle icon_horizontal\" data-lazy=\"1\">\n\t\t\t<div class=\"module-icon-item\">\n\t\t\t\t\t\t\t<a href=\"https:\/\/www.instagram.com\/moussa_bis_sap\/\">\n\t\t\t\t\t\t\t\t\t\t\t\t\t\t\t\t\t<em class=\"tf_box light-blue\"><svg  class=\"tf_fa tf-ti-instagram\" aria-hidden=\"true\"><use href=\"#tf-ti-instagram\"><\/use><\/svg><\/em>\n\t\t\t\t\t\t\t\t\t\t\t\t\t\t\t\t<\/a>\n\t\t\t\t\t<\/div>\n\t\t\t<div class=\"module-icon-item\">\n\t\t\t\t\t\t\t<a href=\"https:\/\/www.facebook.com\/bissapmoussa\">\n\t\t\t\t\t\t\t\t\t\t\t\t\t\t\t\t\t<em class=\"tf_box light-blue\"><svg  class=\"tf_fa tf-ti-facebook\" aria-hidden=\"true\"><use href=\"#tf-ti-facebook\"><\/use><\/svg><\/em>\n\t\t\t\t\t\t\t\t\t\t\t\t\t\t\t\t<\/a>\n\t\t\t\t\t<\/div>\n\t\t\t<div class=\"module-icon-item\">\n\t\t\t\t\t\t\t<a href=\"https:\/\/www.linkedin.com\/company\/themify\/\">\n\t\t\t\t\t\t\t\t\t\t\t\t\t\t\t\t\t\t\t\t\t\t\t\t<\/a>\n\t\t\t\t\t<\/div>\n\t<\/div>\n<!-- \/module icon -->\n<!-- module buttons -->\n<div  class=\"module module-buttons tb_k670724 buttons-horizontal solid  rounded\" data-lazy=\"1\">\n\t\t<div class=\"module-buttons-item tf_inline_b\">\n\t\t\t\t\t\t<a href=\"https:\/\/www.bis-sap.com\/product\/gift-box\/\" class=\"ui builder_button green\" >\n\t\t\t\t\t\t\t\t<span class=\"tf_inline_b tf_vmiddle\">Commandez ici<\/span>\n\t\t\t\t\t\t\t\t\t\t\t\t<\/a>\n\t\t\t\t\t\t<\/div>\n\t\t\t<\/div>\n<!-- \/module buttons -->\n\t\t\t\t<\/div><!-- .tb-column-inner -->\n\t\t\t\t\t\t<\/div><!-- .module_column -->\n\t\t\t\t\t<div  data-lazy=\"1\" class=\"module_column sub_column col2-1 tb_9h04623 last\">\n\t\t\t\t\t\t\t<\/div><!-- .module_column -->\n\t\t\t\t\t\t<\/div><!-- .subrow_inner -->\n\t\t<\/div><!-- .themify_builder_sub_row -->\n\t\t\t\t\t\t\t\t<\/div><!-- .tb-column-inner -->\n\t\t\t\t\t\t<\/div><!-- .module_column -->\n\t\t\t\t\t\t<\/div><!-- .row_inner -->\n\t\t<\/div><!-- .module_row -->\n\t\t\t\t\t\t\t\t<!-- module_row -->\n\t\t<div  data-css_id=\"eeqc213\" data-lazy=\"1\" class=\"module_row themify_builder_row fullwidth_row_container tb_eeqc213 tf_w tf_clearfix\">\n\t\t\t\t\t<div class=\"row_inner gutter-narrow col_align_top tb_col_count_3 tf_box tf_rel\">\n\t\t\t\t\t<div  data-lazy=\"1\" class=\"module_column tb-column col3-1 tb_65wx215 first\">\n\t\t\t\t\t\t\t\t\t<div class=\"tb-column-inner tf_box tf_w\">\n\t\t\t\t<!-- module image -->\n<div  class=\"module module-image tb_2lwe216 rounded  image-center tf_mw\" data-lazy=\"1\">\n        <div class=\"image-wrap tf_rel tf_mw\">\n\t\t    <a href=\"https:\/\/www.bis-sap.com\/index.php\/the-original\/\"\n\t       \t       >\n\t\t   \t\t<img src=\"https:\/\/www.bis-sap.com\/wp-content\/uploads\/2020\/10\/Moussas_Bissap_Press04-724x1024-310x438.png\" width=\"310\" height=\"438\" class=\"wp-post-image wp-image-166\" title=\"Moussas_Bissap_Press04\" alt=\"Moussas_Bissap_Press04\" srcset=\"https:\/\/www.bis-sap.com\/wp-content\/uploads\/2020\/10\/Moussas_Bissap_Press04-724x1024-310x438.png 310w, https:\/\/www.bis-sap.com\/wp-content\/uploads\/2020\/10\/Moussas_Bissap_Press04-600x849.png 600w, https:\/\/www.bis-sap.com\/wp-content\/uploads\/2020\/10\/Moussas_Bissap_Press04-212x300.png 212w, https:\/\/www.bis-sap.com\/wp-content\/uploads\/2020\/10\/Moussas_Bissap_Press04-724x1024.png 724w, https:\/\/www.bis-sap.com\/wp-content\/uploads\/2020\/10\/Moussas_Bissap_Press04-768x1086.png 768w, https:\/\/www.bis-sap.com\/wp-content\/uploads\/2020\/10\/Moussas_Bissap_Press04-1086x1536.png 1086w, https:\/\/www.bis-sap.com\/wp-content\/uploads\/2020\/10\/Moussas_Bissap_Press04-1448x2048.png 1448w\" sizes=\"(max-width: 310px) 100vw, 310px\" \/>\t    <\/a>\n\t\n\t\t<\/div>\n\t<!-- \/image-wrap -->\n    \n    \t<\/div>\n<!-- \/module image --><!-- module text -->\n<div  class=\"module module-text tb_og4z216\" data-lazy=\"1\">\n        <div  class=\"tb_text_wrap\">\n    <div class=\"page\" title=\"Page 5\">\n<div class=\"layoutArea\">\n<div class=\"column\">\n<p><strong>\u00a0 \u00a0 \u00a0 \u00a0 \u00a0 \u00a0 \u00a0<\/strong><\/p>\n<p><strong>\u00a0 \u00a0 \u00a0 \u00a0\u00c0 PROPOS DE L'ORIGINAL<\/strong><\/p>\n<p>\"Moussa's Bissap The Original\" est l'alternative parfaite \u00e0 toute boisson alcoolis\u00e9e ou limonade sucr\u00e9e. Avec son go\u00fbt \u00e9quilibr\u00e9 d'hibiscus et de menthe, il est aussi riche en exp\u00e9rience de consommation qu'il est rafra\u00eechissant. Il est cr\u00e9\u00e9 avec passion et soin \u00e0 partir des meilleurs ingr\u00e9dients biologiques provenant directement du continent africain.<\/p>\n<\/div>\n<\/div>\n<\/div>    <\/div>\n<\/div>\n<!-- \/module text -->\t\t<div  data-lazy=\"1\" class=\"module_subrow themify_builder_sub_row tb_gyy9217 tf_w tf_clearfix\">\n\t\t\t\t\t<div class=\"subrow_inner col_align_top tb_col_count_1 tf_box tf_w\">\n\t\t\t\t\t<div  data-lazy=\"1\" class=\"module_column sub_column col-full tb_89sr217 first\">\n\t\t\t\t\t\t\t\t\t<div class=\"tb-column-inner tf_box tf_w\">\n\t\t\t\t<!-- module buttons -->\n<div  class=\"module module-buttons tb_wrma217 buttons-horizontal solid  small rounded\" data-lazy=\"1\">\n\t\t<div class=\"module-buttons-item tf_inline_b\">\n\t\t\t\t\t\t<a href=\"https:\/\/www.bis-sap.com\/index.php\/the-original\/\" class=\"ui builder_button tb_default_color\" >\n\t\t\t\t\t\t\t\t<span class=\"tf_inline_b tf_vmiddle\">Plus de<\/span>\n\t\t\t\t\t\t\t\t\t\t\t\t<\/a>\n\t\t\t\t\t\t<\/div>\n\t\t\t<\/div>\n<!-- \/module buttons -->\n\t\t\t\t<\/div><!-- .tb-column-inner -->\n\t\t\t\t\t\t<\/div><!-- .module_column -->\n\t\t\t\t\t\t<\/div><!-- .subrow_inner -->\n\t\t<\/div><!-- .themify_builder_sub_row -->\n\t\t\t\t\t\t\t\t<\/div><!-- .tb-column-inner -->\n\t\t\t\t\t\t<\/div><!-- .module_column -->\n\t\t\t\t\t<div  data-lazy=\"1\" class=\"module_column tb-column col3-1 tb_bnr4218\">\n\t\t\t\t\t\t\t\t\t<div class=\"tb-column-inner tf_box tf_w\">\n\t\t\t\t<!-- module image -->\n<div  class=\"module module-image tb_76tc218 rounded  image-center tf_mw\" data-lazy=\"1\">\n        <div class=\"image-wrap tf_rel tf_mw\">\n\t\t    <a href=\"https:\/\/www.bis-sap.com\/index.php\/jungle-juice\/\"\n\t       \t       >\n\t\t   \t\t<img src=\"https:\/\/www.bis-sap.com\/wp-content\/uploads\/2020\/10\/Moussas_Bissap_Press08-724x1024-310x438.png\" width=\"310\" height=\"438\" class=\"wp-post-image wp-image-168\" title=\"Moussas_Bissap_Press08\" alt=\"Moussas_Bissap_Press08\" srcset=\"https:\/\/www.bis-sap.com\/wp-content\/uploads\/2020\/10\/Moussas_Bissap_Press08-724x1024-310x438.png 310w, https:\/\/www.bis-sap.com\/wp-content\/uploads\/2020\/10\/Moussas_Bissap_Press08-600x849.png 600w, https:\/\/www.bis-sap.com\/wp-content\/uploads\/2020\/10\/Moussas_Bissap_Press08-212x300.png 212w, https:\/\/www.bis-sap.com\/wp-content\/uploads\/2020\/10\/Moussas_Bissap_Press08-724x1024.png 724w, https:\/\/www.bis-sap.com\/wp-content\/uploads\/2020\/10\/Moussas_Bissap_Press08-768x1086.png 768w, https:\/\/www.bis-sap.com\/wp-content\/uploads\/2020\/10\/Moussas_Bissap_Press08-1086x1536.png 1086w, https:\/\/www.bis-sap.com\/wp-content\/uploads\/2020\/10\/Moussas_Bissap_Press08-1448x2048.png 1448w, https:\/\/www.bis-sap.com\/wp-content\/uploads\/2020\/10\/Moussas_Bissap_Press08-724x1024-339x478.png 339w, https:\/\/www.bis-sap.com\/wp-content\/uploads\/2020\/10\/Moussas_Bissap_Press08-724x1024-329x465.png 329w\" sizes=\"(max-width: 310px) 100vw, 310px\" \/>\t    <\/a>\n\t\n\t\t<\/div>\n\t<!-- \/image-wrap -->\n    \n    \t<\/div>\n<!-- \/module image --><!-- module text -->\n<div  class=\"module module-text tb_l8gi218\" data-lazy=\"1\">\n        <div  class=\"tb_text_wrap\">\n    <div class=\"page\" title=\"Page 5\">\n<div class=\"layoutArea\">\n<div class=\"column\">\n<p><strong>\u00a0 \u00a0 \u00a0 \u00a0 \u00a0 \u00a0 \u00a0<\/strong><\/p>\n<div class=\"page\" title=\"Page 9\">\n<div class=\"section\">\n<div class=\"layoutArea\">\n<div class=\"column\">\n<p><strong>\u00a0 \u00a0 \u00a0 \u00a0 \u00a0 \u00c0 PROPOS DU JUS JUNGLE<\/strong><\/p>\n<p>Tout en profitant de l'eau du puits naturel et des histoires de quatre gar\u00e7ons et de la for\u00eat, de ses fruits et de ses animaux, Sanja a go\u00fbt\u00e9 le fruit avec lequel Moussa a grandi. Le Detarium Senegalense pousse au plus profond des for\u00eats sauvages de Casamance en Afrique de l'Ouest - un fruit extraordinaire cueilli \u00e0 la main.<\/p>\n<p><div class=\"more-text\" style=\"display: none\"> qu'elle et vous n'avez jamais go\u00fbt\u00e9 auparavant. Pour que vous puissiez profiter pleinement de ce fruit merveilleux, Moussa a d\u00e9velopp\u00e9 une fa\u00e7on singuli\u00e8re de le manipuler pour en faire une boisson unique pour les audacieux ! Si vous \u00e9coutez attentivement, vous pouvez m\u00eame entendre les animaux de la jungle !<\/p>\n<\/div>\n<\/div>\n<\/div>\n<\/div>\n<\/div>\n<\/div>\n<\/div><\/div><a href=\"#\" class=\"module-text-more\">Plus de <\/a>    <\/div>\n<\/div>\n<!-- \/module text --><!-- module buttons -->\n<div  class=\"module module-buttons tb_jfl7218 buttons-horizontal solid  small rounded\" data-lazy=\"1\">\n\t\t<div class=\"module-buttons-item tf_inline_b\">\n\t\t\t\t\t\t<a href=\"https:\/\/www.bis-sap.com\/index.php\/jungle-juice\/\" class=\"ui builder_button tb_default_color\" >\n\t\t\t\t\t\t\t\t<span class=\"tf_inline_b tf_vmiddle\">Plus de<\/span>\n\t\t\t\t\t\t\t\t\t\t\t\t<\/a>\n\t\t\t\t\t\t<\/div>\n\t\t\t<\/div>\n<!-- \/module buttons -->\n\t\t<div  data-lazy=\"1\" class=\"module_subrow themify_builder_sub_row tb_u4zt219 tf_w tf_clearfix\">\n\t\t\t\t\t<div class=\"subrow_inner col_align_top tb_col_count_1 tf_box tf_w\">\n\t\t\t\t\t<div  data-lazy=\"1\" class=\"module_column sub_column col-full tb_ozc1219 first\">\n\t\t\t\t\t\t\t<\/div><!-- .module_column -->\n\t\t\t\t\t\t<\/div><!-- .subrow_inner -->\n\t\t<\/div><!-- .themify_builder_sub_row -->\n\t\t\t\t\t\t<div  data-lazy=\"1\" class=\"module_subrow themify_builder_sub_row tb_wi5u220 tf_w tf_clearfix\">\n\t\t\t\t\t<div class=\"subrow_inner col_align_top tb_col_count_1 tf_box tf_w\">\n\t\t\t\t\t<div  data-lazy=\"1\" class=\"module_column sub_column col-full tb_h99u220 first\">\n\t\t\t\t\t\t\t\t\t<div class=\"tb-column-inner tf_box tf_w\">\n\t\t\t\t<!-- module text -->\n<div  class=\"module module-text tb_knvs969\" data-lazy=\"1\">\n        <div  class=\"tb_text_wrap\">\n        <\/div>\n<\/div>\n<!-- \/module text -->\t\t\t\t<\/div><!-- .tb-column-inner -->\n\t\t\t\t\t\t<\/div><!-- .module_column -->\n\t\t\t\t\t\t<\/div><!-- .subrow_inner -->\n\t\t<\/div><!-- .themify_builder_sub_row -->\n\t\t\t\t\t\t\t\t<\/div><!-- .tb-column-inner -->\n\t\t\t\t\t\t<\/div><!-- .module_column -->\n\t\t\t\t\t<div  data-lazy=\"1\" class=\"module_column tb-column col3-1 tb_4ux1221 last\">\n\t\t\t\t\t\t\t\t\t<div class=\"tb-column-inner tf_box tf_w\">\n\t\t\t\t<!-- module image -->\n<div  class=\"module module-image tb_4apl221 rounded  image-center tf_mw\" data-lazy=\"1\">\n        <div class=\"image-wrap tf_rel tf_mw\">\n\t\t    <a href=\"https:\/\/www.bis-sap.com\/index.php\/the-ginger-fever\/\"\n\t       \t       >\n\t\t   \t\t<img src=\"https:\/\/www.bis-sap.com\/wp-content\/uploads\/2020\/10\/Moussas_Bissap_Press06-724x1024-310x438.png\" width=\"310\" height=\"438\" class=\"wp-post-image wp-image-167\" title=\"Moussas_Bissap_Press06\" alt=\"Moussas_Bissap_Press06\" srcset=\"https:\/\/www.bis-sap.com\/wp-content\/uploads\/2020\/10\/Moussas_Bissap_Press06-724x1024-310x438.png 310w, https:\/\/www.bis-sap.com\/wp-content\/uploads\/2020\/10\/Moussas_Bissap_Press06-600x849.png 600w, https:\/\/www.bis-sap.com\/wp-content\/uploads\/2020\/10\/Moussas_Bissap_Press06-212x300.png 212w, https:\/\/www.bis-sap.com\/wp-content\/uploads\/2020\/10\/Moussas_Bissap_Press06-724x1024.png 724w, https:\/\/www.bis-sap.com\/wp-content\/uploads\/2020\/10\/Moussas_Bissap_Press06-768x1086.png 768w, https:\/\/www.bis-sap.com\/wp-content\/uploads\/2020\/10\/Moussas_Bissap_Press06-1086x1536.png 1086w, https:\/\/www.bis-sap.com\/wp-content\/uploads\/2020\/10\/Moussas_Bissap_Press06-1448x2048.png 1448w\" sizes=\"(max-width: 310px) 100vw, 310px\" \/>\t    <\/a>\n\t\n\t\t<\/div>\n\t<!-- \/image-wrap -->\n    \n    \t<\/div>\n<!-- \/module image --><!-- module text -->\n<div  class=\"module module-text tb_qpti222\" data-lazy=\"1\">\n        <div  class=\"tb_text_wrap\">\n    <div class=\"page\" title=\"Page 5\">\n<div class=\"layoutArea\">\n<div class=\"column\">\n<p><strong>\u00a0 \u00a0 \u00a0 \u00a0 \u00a0 \u00a0 \u00a0<\/strong><\/p>\n<div class=\"page\" title=\"Page 7\">\n<div class=\"section\">\n<div class=\"layoutArea\">\n<div class=\"column\">\n<p><strong>\u00a0 \u00a0 \u00a0 \u00a0 \u00a0 \u00a0 \u00c0 PROPOS DE LA FI\u00c8VRE DU G G GING POUR LA FI\u00c8VRE DU G G G G<\/strong><\/p>\n<p>Apr\u00e8s le succ\u00e8s de \"The Original\", Moussa a relev\u00e9 le d\u00e9fi sans h\u00e9siter. Comme le gingembre se marie merveilleusement bien avec l'hibis- cus, la cr\u00e9ation de \"Ginger Fever\" \u00e9tait une \u00e9tape logique. Fabriqu\u00e9 avec les meilleures racines de gingembre africaines et soigneusement \u00e9quilibr\u00e9, \"Ginger Fever\" est la boisson parfaite pour ceux qui aiment \"The Original\" avec une touche suppl\u00e9mentaire de piquant.<\/p>\n<\/div>\n<\/div>\n<\/div>\n<\/div>\n<\/div>\n<\/div>\n<\/div>    <\/div>\n<\/div>\n<!-- \/module text --><!-- module buttons -->\n<div  class=\"module module-buttons tb_cebo222 buttons-horizontal solid  small rounded\" data-lazy=\"1\">\n\t\t<div class=\"module-buttons-item tf_inline_b\">\n\t\t\t\t\t\t<a href=\"https:\/\/www.bis-sap.com\/index.php\/the-ginger-fever\/\" class=\"ui builder_button tb_default_color\" >\n\t\t\t\t\t\t\t\t<span class=\"tf_inline_b tf_vmiddle\">Plus de<\/span>\n\t\t\t\t\t\t\t\t\t\t\t\t<\/a>\n\t\t\t\t\t\t<\/div>\n\t\t\t<\/div>\n<!-- \/module buttons -->\n\t\t<div  data-lazy=\"1\" class=\"module_subrow themify_builder_sub_row tb_mbnh222 tf_w tf_clearfix\">\n\t\t\t\t\t<div class=\"subrow_inner col_align_top tb_col_count_1 tf_box tf_w\">\n\t\t\t\t\t<div  data-lazy=\"1\" class=\"module_column sub_column col-full tb_i2qc222 first\">\n\t\t\t\t\t\t\t<\/div><!-- .module_column -->\n\t\t\t\t\t\t<\/div><!-- .subrow_inner -->\n\t\t<\/div><!-- .themify_builder_sub_row -->\n\t\t\t\t\t\t\t\t<\/div><!-- .tb-column-inner -->\n\t\t\t\t\t\t<\/div><!-- .module_column -->\n\t\t\t\t\t\t<\/div><!-- .row_inner -->\n\t\t<\/div><!-- .module_row -->\n\t\t\t\t<\/div>\n<!--\/themify_builder_content-->","protected":false},"excerpt":{"rendered":"<p>Order here Gift boxFor yourself or someone else A unique gift box goes a long way in making special days more memorable. Get yourself a free package of Moussa&#8217;s Bissap hibiscus flowers by making your loved ones feel special with Moussa&#8217;s Bissap Gift box! choose \u00a0a day and time, we will deliver for free Order [&hellip;]<\/p>\n","protected":false},"author":1,"featured_media":0,"parent":0,"menu_order":0,"comment_status":"closed","ping_status":"closed","template":"","meta":[],"builder_content":"<a href=\"https:\/\/www.bis-sap.com\/product\/gift-box\/\" > Order here <\/a>\n<h2> Gift box<br\/>For yourself or someone else<\/h2>\n<p>A unique gift box goes a long way in making special days more memorable. Get yourself a free package of Moussa's Bissap hibiscus flowers by making your loved ones feel special with Moussa's Bissap Gift box!<\/p> <p>choose \u00a0a day and time, we will deliver for free<\/p>\n<a href=\"https:\/\/www.instagram.com\/moussa_bis_sap\/\"> <em><svg aria-hidden=\"true\"><use href=\"#tf-ti-instagram\"><\/use><\/svg><\/em> <\/a> <a href=\"https:\/\/www.facebook.com\/bissapmoussa\"> <em><svg aria-hidden=\"true\"><use href=\"#tf-ti-facebook\"><\/use><\/svg><\/em> <\/a> <a href=\"https:\/\/www.linkedin.com\/company\/themify\/\"> <\/a>\n<a href=\"https:\/\/www.bis-sap.com\/product\/gift-box\/\" > Order here <\/a>\n<a href=\"https:\/\/www.bis-sap.com\/index.php\/the-original\/\" > <img src=\"https:\/\/www.bis-sap.com\/wp-content\/uploads\/2020\/10\/Moussas_Bissap_Press04-724x1024-310x438.png\" width=\"310\" height=\"438\" title=\"Moussas_Bissap_Press04\" alt=\"Moussas_Bissap_Press04\" srcset=\"https:\/\/www.bis-sap.com\/wp-content\/uploads\/2020\/10\/Moussas_Bissap_Press04-724x1024-310x438.png 310w, https:\/\/www.bis-sap.com\/wp-content\/uploads\/2020\/10\/Moussas_Bissap_Press04-600x849.png 600w, https:\/\/www.bis-sap.com\/wp-content\/uploads\/2020\/10\/Moussas_Bissap_Press04-212x300.png 212w, https:\/\/www.bis-sap.com\/wp-content\/uploads\/2020\/10\/Moussas_Bissap_Press04-724x1024.png 724w, https:\/\/www.bis-sap.com\/wp-content\/uploads\/2020\/10\/Moussas_Bissap_Press04-768x1086.png 768w, https:\/\/www.bis-sap.com\/wp-content\/uploads\/2020\/10\/Moussas_Bissap_Press04-1086x1536.png 1086w, https:\/\/www.bis-sap.com\/wp-content\/uploads\/2020\/10\/Moussas_Bissap_Press04-1448x2048.png 1448w\" sizes=\"(max-width: 310px) 100vw, 310px\" \/> <\/a>\n<p><strong>\u00a0 \u00a0 \u00a0 \u00a0 \u00a0 \u00a0 \u00a0<\/strong><\/p> <p><strong>\u00a0 \u00a0 \u00a0 \u00a0ABOUT THE ORIGINAL<\/strong><\/p> <p>\u201cMoussa\u2019s Bissap The Original\u201d is the perfect alternative for any alcoholic drink or sugary lemonade. With its well-balanced hibiscus and mint flavour it is as rich in drinking experience as it is refreshing and created from the best organic ingredients straight from the African continent with passion and care.<\/p>\n<a href=\"https:\/\/www.bis-sap.com\/index.php\/the-original\/\" > More <\/a>\n<a href=\"https:\/\/www.bis-sap.com\/index.php\/jungle-juice\/\" > <img src=\"https:\/\/www.bis-sap.com\/wp-content\/uploads\/2020\/10\/Moussas_Bissap_Press08-724x1024-310x438.png\" width=\"310\" height=\"438\" title=\"Moussas_Bissap_Press08\" alt=\"Moussas_Bissap_Press08\" srcset=\"https:\/\/www.bis-sap.com\/wp-content\/uploads\/2020\/10\/Moussas_Bissap_Press08-724x1024-310x438.png 310w, https:\/\/www.bis-sap.com\/wp-content\/uploads\/2020\/10\/Moussas_Bissap_Press08-600x849.png 600w, https:\/\/www.bis-sap.com\/wp-content\/uploads\/2020\/10\/Moussas_Bissap_Press08-212x300.png 212w, https:\/\/www.bis-sap.com\/wp-content\/uploads\/2020\/10\/Moussas_Bissap_Press08-724x1024.png 724w, https:\/\/www.bis-sap.com\/wp-content\/uploads\/2020\/10\/Moussas_Bissap_Press08-768x1086.png 768w, https:\/\/www.bis-sap.com\/wp-content\/uploads\/2020\/10\/Moussas_Bissap_Press08-1086x1536.png 1086w, https:\/\/www.bis-sap.com\/wp-content\/uploads\/2020\/10\/Moussas_Bissap_Press08-1448x2048.png 1448w, https:\/\/www.bis-sap.com\/wp-content\/uploads\/2020\/10\/Moussas_Bissap_Press08-724x1024-339x478.png 339w, https:\/\/www.bis-sap.com\/wp-content\/uploads\/2020\/10\/Moussas_Bissap_Press08-724x1024-329x465.png 329w\" sizes=\"(max-width: 310px) 100vw, 310px\" \/> <\/a>\n<p><strong>\u00a0 \u00a0 \u00a0 \u00a0 \u00a0 \u00a0 \u00a0<\/strong><\/p>\n<p><strong>\u00a0 \u00a0 \u00a0 \u00a0 \u00a0 ABOUT JUNGLE JUICE<\/strong><\/p> <p>While enjoying natural well water and the stories of four boys and the forest, its fruits and animals, Sanja tasted the fruit Moussa grew up with. Detarium Senegalense grows in the deepest wild of West Africa\u2019s Casamance forests \u2212 an extraordinary hand- picked fruit<\/p> <p> she and you have never tasted before. In order for you to fullyenjoy and experience thiswonderful fruit, Moussa developed a singular way of handling it into a unique drink for the daring! If you listen closely, you can even hear the animals in the jungle!<\/p>\n<a href=\"https:\/\/www.bis-sap.com\/index.php\/jungle-juice\/\" > More <\/a>\n\n<a href=\"https:\/\/www.bis-sap.com\/index.php\/the-ginger-fever\/\" > <img src=\"https:\/\/www.bis-sap.com\/wp-content\/uploads\/2020\/10\/Moussas_Bissap_Press06-724x1024-310x438.png\" width=\"310\" height=\"438\" title=\"Moussas_Bissap_Press06\" alt=\"Moussas_Bissap_Press06\" srcset=\"https:\/\/www.bis-sap.com\/wp-content\/uploads\/2020\/10\/Moussas_Bissap_Press06-724x1024-310x438.png 310w, https:\/\/www.bis-sap.com\/wp-content\/uploads\/2020\/10\/Moussas_Bissap_Press06-600x849.png 600w, https:\/\/www.bis-sap.com\/wp-content\/uploads\/2020\/10\/Moussas_Bissap_Press06-212x300.png 212w, https:\/\/www.bis-sap.com\/wp-content\/uploads\/2020\/10\/Moussas_Bissap_Press06-724x1024.png 724w, https:\/\/www.bis-sap.com\/wp-content\/uploads\/2020\/10\/Moussas_Bissap_Press06-768x1086.png 768w, https:\/\/www.bis-sap.com\/wp-content\/uploads\/2020\/10\/Moussas_Bissap_Press06-1086x1536.png 1086w, https:\/\/www.bis-sap.com\/wp-content\/uploads\/2020\/10\/Moussas_Bissap_Press06-1448x2048.png 1448w\" sizes=\"(max-width: 310px) 100vw, 310px\" \/> <\/a>\n<p><strong>\u00a0 \u00a0 \u00a0 \u00a0 \u00a0 \u00a0 \u00a0<\/strong><\/p>\n<p><strong>\u00a0 \u00a0 \u00a0 \u00a0 \u00a0 \u00a0 ABOUT GINGER FEVER<\/strong><\/p> <p>Following up on the succes of \u201cThe Original\u201d was a chal- lenge Moussa took without hesitation. As ginger pairs wonderfully well with hibis- cus, creating \u201cGinger Fever\u201d was a logic next step. Made with the best African ginger roots and care-fully balanced, \u201cGinger Fever\u201d is the perfect drink for those who like \u201cThe Original\u201d with an extra bite of spiciness.<\/p>\n<a href=\"https:\/\/www.bis-sap.com\/index.php\/the-ginger-fever\/\" > More <\/a>","_links":{"self":[{"href":"https:\/\/www.bis-sap.com\/fr\/wp-json\/wp\/v2\/pages\/1171"}],"collection":[{"href":"https:\/\/www.bis-sap.com\/fr\/wp-json\/wp\/v2\/pages"}],"about":[{"href":"https:\/\/www.bis-sap.com\/fr\/wp-json\/wp\/v2\/types\/page"}],"author":[{"embeddable":true,"href":"https:\/\/www.bis-sap.com\/fr\/wp-json\/wp\/v2\/users\/1"}],"replies":[{"embeddable":true,"href":"https:\/\/www.bis-sap.com\/fr\/wp-json\/wp\/v2\/comments?post=1171"}],"version-history":[{"count":34,"href":"https:\/\/www.bis-sap.com\/fr\/wp-json\/wp\/v2\/pages\/1171\/revisions"}],"predecessor-version":[{"id":1777,"href":"https:\/\/www.bis-sap.com\/fr\/wp-json\/wp\/v2\/pages\/1171\/revisions\/1777"}],"wp:attachment":[{"href":"https:\/\/www.bis-sap.com\/fr\/wp-json\/wp\/v2\/media?parent=1171"}],"curies":[{"name":"wp","href":"https:\/\/api.w.org\/{rel}","templated":true}]}}