{"id":2570,"date":"2024-03-17T04:08:22","date_gmt":"2024-03-17T03:08:22","guid":{"rendered":"https:\/\/www.bis-sap.com\/?post_type=product&#038;p=2570"},"modified":"2025-11-21T10:40:55","modified_gmt":"2025-11-21T09:40:55","slug":"ginger-feverl-6x1l-copy","status":"publish","type":"product","link":"https:\/\/www.bis-sap.com\/fr\/produit\/ginger-feverl-6x1l-copy\/","title":{"rendered":"ginger feverl 6 x 1L"},"content":{"rendered":"<div class=\"module module-text tb_ok9y697 wow\">\n<div class=\"tb_text_wrap\">\n<p><span style=\"color: #000000;\">\u00a0WHY CHOOSE <\/span><span style=\"color: #000000;\">FI\u00c8VRE DU GINGEMBRE<\/span><\/p>\n<p><em><span style=\"color: #000000;\"><span style=\"font-size: 16px;\">Vous recherchez la sensation de \"Moussa's Bissap The Original\" avec une touche suppl\u00e9mentaire ? Servez \u00e0 vos invit\u00e9s une \"fi\u00e8vre du gingembre\" rafra\u00eechissante pour pimenter leur exp\u00e9rience non alcoolis\u00e9e avec une touche de gingembre africain. Fabriqu\u00e9 avec soin pour les personnes au c\u0153ur sauvage. Roarrr !<\/span><\/span><\/em><\/p>\n<p><span style=\"color: #000000;\">\u00a0PROFIL DU GO\u00dbT<\/span><\/p>\n<\/div>\n<\/div>\n<div class=\"module module-text tb_c3op888\">\n<div class=\"tb_text_wrap\">\n<div class=\"page\" title=\"Page 7\">\n<div class=\"section\">\n<div class=\"layoutArea\">\n<div class=\"page\" title=\"Page 7\">\n<div class=\"section\">\n<div class=\"layoutArea\">\n<div class=\"column\">\n<p><em><span><span style=\"color: #000000;\">Perfectly balanced between sweet and sour. Refreshing when served cold, <span style=\"caret-color: #000000;\">heart-warming<\/span>\u00a0when served warm. Always with a spicy bite at the end.<\/span><\/span><\/em><\/p>\n<\/div>\n<\/div>\n<\/div>\n<\/div>\n<\/div>\n<\/div>\n<\/div>\n<\/div>\n<\/div>\n<!--themify_builder_content-->\n<div id=\"themify_builder_content-2570\" data-postid=\"2570\" class=\"themify_builder_content themify_builder_content-2570 themify_builder tf_clear\">\n    <\/div>\n<!--\/themify_builder_content-->","protected":false},"excerpt":{"rendered":"<p>\u00a0WHY CHOOSE GINGER FEVER Looking for the sensation of \u201cMoussa\u2019s Bissap The Original\u201d with an extra bite? Serve yourself and your guests a refreshing \u201cGinger Fever\u201d to spice up their non- alcoholic experience with a boost of African ginger. Made with care for the wild at heart. Roarrr! \u00a0TASTE PROFILE Perfectly balanced between sweet and [&hellip;]<\/p>\n","protected":false},"featured_media":2571,"comment_status":"open","ping_status":"closed","template":"","meta":[],"product_cat":[159],"product_tag":[],"builder_content":"","_links":{"self":[{"href":"https:\/\/www.bis-sap.com\/fr\/wp-json\/wp\/v2\/product\/2570"}],"collection":[{"href":"https:\/\/www.bis-sap.com\/fr\/wp-json\/wp\/v2\/product"}],"about":[{"href":"https:\/\/www.bis-sap.com\/fr\/wp-json\/wp\/v2\/types\/product"}],"replies":[{"embeddable":true,"href":"https:\/\/www.bis-sap.com\/fr\/wp-json\/wp\/v2\/comments?post=2570"}],"version-history":[{"count":15,"href":"https:\/\/www.bis-sap.com\/fr\/wp-json\/wp\/v2\/product\/2570\/revisions"}],"predecessor-version":[{"id":2967,"href":"https:\/\/www.bis-sap.com\/fr\/wp-json\/wp\/v2\/product\/2570\/revisions\/2967"}],"wp:featuredmedia":[{"embeddable":true,"href":"https:\/\/www.bis-sap.com\/fr\/wp-json\/wp\/v2\/media\/2571"}],"wp:attachment":[{"href":"https:\/\/www.bis-sap.com\/fr\/wp-json\/wp\/v2\/media?parent=2570"}],"wp:term":[{"taxonomy":"product_cat","embeddable":true,"href":"https:\/\/www.bis-sap.com\/fr\/wp-json\/wp\/v2\/product_cat?post=2570"},{"taxonomy":"product_tag","embeddable":true,"href":"https:\/\/www.bis-sap.com\/fr\/wp-json\/wp\/v2\/product_tag?post=2570"}],"curies":[{"name":"wp","href":"https:\/\/api.w.org\/{rel}","templated":true}]}}