{"id":2695,"date":"2024-06-30T21:30:55","date_gmt":"2024-06-30T19:30:55","guid":{"rendered":"https:\/\/www.bis-sap.com\/?post_type=product&#038;p=2695"},"modified":"2025-11-21T10:23:25","modified_gmt":"2025-11-21T09:23:25","slug":"moussas-bissap-ginger-fever-250mlx24","status":"publish","type":"product","link":"https:\/\/www.bis-sap.com\/fr\/produit\/moussas-bissap-ginger-fever-250mlx24\/","title":{"rendered":"Moussa&#8217;s Bissap Ginger Fever 24 x 250ml"},"content":{"rendered":"<div class=\"module module-text tb_k09p110 wow\">\n<div class=\"tb_text_wrap\">\n<h2>About the Ginger Fever<\/h2>\n<p><em><span style=\"font-size: 16px;\">Following up on the succes of \u201cThe Original\u201d was a challenge Moussa took without hesitation. <\/span><\/em><em><span style=\"font-size: 16px;\">As ginger pairs wonderfully well with hibiscus, creating \u201cGinger Fever\u201d was a logic next step. Made with the best African ginger roots and carefully balanced, \u201cGinger Fever\u201d is the perfect drink for those who like \u201cThe Original\u201d with an extra bite of spiciness.<\/span><\/em><\/p>\n<\/div>\n<\/div>\n<!--themify_builder_content-->\n<div id=\"themify_builder_content-2695\" data-postid=\"2695\" class=\"themify_builder_content themify_builder_content-2695 themify_builder tf_clear\">\n    <\/div>\n<!--\/themify_builder_content-->","protected":false},"excerpt":{"rendered":"<div class=\"module module-text tb_ok9y697 wow\">\n<div class=\"tb_text_wrap\">\n<h2>\u00a0Why Choose \u00a0Ginger Fever<\/h2>\n<p><em><span style=\"font-size: 16px;\">Vous recherchez la sensation de \"Moussa's Bissap The Original\" avec une touche suppl\u00e9mentaire ? Servez \u00e0 vos invit\u00e9s une \"fi\u00e8vre du gingembre\" rafra\u00eechissante pour pimenter leur exp\u00e9rience non alcoolis\u00e9e avec une touche de gingembre africain. Fabriqu\u00e9 avec soin pour les personnes au c\u0153ur sauvage. Roarrr !<\/span><\/em><\/p>\n<\/div>\n<\/div>\n<div class=\"module module-text tb_c3op888\">\n<div class=\"tb_text_wrap\">\n<div class=\"page\" title=\"Page 7\">\n<div class=\"section\">\n<div class=\"layoutArea\">\n<div class=\"page\" title=\"Page 7\">\n<div class=\"section\">\n<div class=\"layoutArea\">\n<div class=\"column\">\n<h4>PROFIL DU GO\u00dbT<\/h4>\n<p><em>Parfaitement \u00e9quilibr\u00e9 entre le sucr\u00e9 et l'acide. Rafra\u00eechissant lorsqu'il est servi froid, il r\u00e9chauffe le c\u0153ur lorsqu'il est servi chaud. Toujours avec une pointe d'\u00e9pice \u00e0 la fin.<\/em><\/p>\n<\/div>\n<\/div>\n<\/div>\n<\/div>\n<\/div>\n<\/div>\n<\/div>\n<\/div>\n<\/div>","protected":false},"featured_media":2669,"comment_status":"open","ping_status":"closed","template":"","meta":[],"product_cat":[159],"product_tag":[],"builder_content":"","_links":{"self":[{"href":"https:\/\/www.bis-sap.com\/fr\/wp-json\/wp\/v2\/product\/2695"}],"collection":[{"href":"https:\/\/www.bis-sap.com\/fr\/wp-json\/wp\/v2\/product"}],"about":[{"href":"https:\/\/www.bis-sap.com\/fr\/wp-json\/wp\/v2\/types\/product"}],"replies":[{"embeddable":true,"href":"https:\/\/www.bis-sap.com\/fr\/wp-json\/wp\/v2\/comments?post=2695"}],"version-history":[{"count":10,"href":"https:\/\/www.bis-sap.com\/fr\/wp-json\/wp\/v2\/product\/2695\/revisions"}],"predecessor-version":[{"id":2944,"href":"https:\/\/www.bis-sap.com\/fr\/wp-json\/wp\/v2\/product\/2695\/revisions\/2944"}],"wp:featuredmedia":[{"embeddable":true,"href":"https:\/\/www.bis-sap.com\/fr\/wp-json\/wp\/v2\/media\/2669"}],"wp:attachment":[{"href":"https:\/\/www.bis-sap.com\/fr\/wp-json\/wp\/v2\/media?parent=2695"}],"wp:term":[{"taxonomy":"product_cat","embeddable":true,"href":"https:\/\/www.bis-sap.com\/fr\/wp-json\/wp\/v2\/product_cat?post=2695"},{"taxonomy":"product_tag","embeddable":true,"href":"https:\/\/www.bis-sap.com\/fr\/wp-json\/wp\/v2\/product_tag?post=2695"}],"curies":[{"name":"wp","href":"https:\/\/api.w.org\/{rel}","templated":true}]}}