{"id":478,"date":"2020-10-22T15:15:27","date_gmt":"2020-10-22T13:15:27","guid":{"rendered":"http:\/\/www.bis-sap.com\/?post_type=product&#038;p=478"},"modified":"2025-11-19T23:16:48","modified_gmt":"2025-11-19T22:16:48","slug":"moussas-bissap-jungle-juice-1l","status":"publish","type":"product","link":"https:\/\/www.bis-sap.com\/fr\/produit\/moussas-bissap-jungle-juice-1l\/","title":{"rendered":"Moussa's Bissap Jungle Juice 1L"},"content":{"rendered":"<div class=\"page\" title=\"Page 9\">\n<div class=\"section\">\n<div class=\"layoutArea\">\n<div class=\"column\">\n<p>\u00c0 PROPOS DU JUS JUNGLE<\/p>\n<p>Tout en profitant de l'eau du puits naturel et des histoires de quatre gar\u00e7ons et de la for\u00eat, de ses fruits et de ses animaux, Sanja a go\u00fbt\u00e9 le fruit avec lequel Moussa a grandi. Le Detarium Senegalense pousse au plus profond des for\u00eats sauvages de Casamance en Afrique de l'Ouest - un fruit extraordinaire cueilli \u00e0 la main qu'elle et vous n'avez jamais go\u00fbt\u00e9 auparavant. Pour que vous puissiez profiter pleinement de ce fruit merveilleux, Moussa a mis au point une fa\u00e7on singuli\u00e8re de le manipuler pour en faire une boisson unique pour les audacieux ! Si vous \u00e9coutez attentivement, vous pouvez m\u00eame entendre les animaux de la jungle !<\/p>\n<p>POURQUOI CHOISIR JUNGLE JUICE<\/p>\n<p>Surprenez vous et vos invit\u00e9s, des plus jeunes aux plus \u00e2g\u00e9s, avec cette nouvelle saveur unique, saine et super rafra\u00eechissante en toute occasion. L'alternative parfaite pour tout smoothie, jus ou limonade.<\/p>\n<\/div>\n<\/div>\n<\/div>\n<\/div>\n<!--themify_builder_content-->\n<div id=\"themify_builder_content-478\" data-postid=\"478\" class=\"themify_builder_content themify_builder_content-478 themify_builder tf_clear\">\n    <\/div>\n<!--\/themify_builder_content-->","protected":false},"excerpt":{"rendered":"<div class=\"page\" title=\"Page 9\">\n<div class=\"section\">\n<div class=\"layoutArea\">\n<div class=\"column\">\n<p>PRINCIPAUX INGR\u00c9DIENTS<\/p>\n<p>Detarium Senegalense<\/p>\n<p>PROFIL DU GO\u00dbT<\/p>\n<p>Ressemble \u00e0 un smoothie \u00e0 la banane et au kiwi, sans la texture \u00e9paisse. Il sent le concombre et a le go\u00fbt de la goyave, de la poire, de l'orange, du melon, de l'ap- ple ... Des connotations et des possibilit\u00e9s infinies. D\u00e9couvrez-le par vous-m\u00eame !<\/p>\n<p>VOS AVANTAGES POUR LA SANT\u00c9<\/p>\n<p>Le Detarium Senegalense est un fruit tr\u00e8s sain, contenant de la vitamine C et de l'acide ascorbique, ainsi que du calcium, du fer, du phosphate thiamine, de la niacine et de la riboflavine flavine. La pulpe du fruit est utilis\u00e9e pour le traitement des douleurs r\u00e9nales, de la toux, des rhumatismes et des douleurs abdominales.<\/p>\n<\/div>\n<\/div>\n<\/div>\n<\/div>","protected":false},"featured_media":482,"comment_status":"open","ping_status":"closed","template":"","meta":[],"product_cat":[15],"product_tag":[],"builder_content":"","_links":{"self":[{"href":"https:\/\/www.bis-sap.com\/fr\/wp-json\/wp\/v2\/product\/478"}],"collection":[{"href":"https:\/\/www.bis-sap.com\/fr\/wp-json\/wp\/v2\/product"}],"about":[{"href":"https:\/\/www.bis-sap.com\/fr\/wp-json\/wp\/v2\/types\/product"}],"replies":[{"embeddable":true,"href":"https:\/\/www.bis-sap.com\/fr\/wp-json\/wp\/v2\/comments?post=478"}],"version-history":[{"count":2,"href":"https:\/\/www.bis-sap.com\/fr\/wp-json\/wp\/v2\/product\/478\/revisions"}],"predecessor-version":[{"id":2924,"href":"https:\/\/www.bis-sap.com\/fr\/wp-json\/wp\/v2\/product\/478\/revisions\/2924"}],"wp:featuredmedia":[{"embeddable":true,"href":"https:\/\/www.bis-sap.com\/fr\/wp-json\/wp\/v2\/media\/482"}],"wp:attachment":[{"href":"https:\/\/www.bis-sap.com\/fr\/wp-json\/wp\/v2\/media?parent=478"}],"wp:term":[{"taxonomy":"product_cat","embeddable":true,"href":"https:\/\/www.bis-sap.com\/fr\/wp-json\/wp\/v2\/product_cat?post=478"},{"taxonomy":"product_tag","embeddable":true,"href":"https:\/\/www.bis-sap.com\/fr\/wp-json\/wp\/v2\/product_tag?post=478"}],"curies":[{"name":"wp","href":"https:\/\/api.w.org\/{rel}","templated":true}]}}