{"id":479,"date":"2020-10-22T15:18:33","date_gmt":"2020-10-22T13:18:33","guid":{"rendered":"http:\/\/www.bis-sap.com\/?post_type=product&#038;p=479"},"modified":"2025-11-21T10:41:44","modified_gmt":"2025-11-21T09:41:44","slug":"moussas-bissap-ginger-fever-1l","status":"publish","type":"product","link":"https:\/\/www.bis-sap.com\/fr\/produit\/moussas-bissap-ginger-fever-1l\/","title":{"rendered":"Moussa's Bissap Ginger Fever 1L"},"content":{"rendered":"<div class=\"page\" title=\"Page 7\">\n<div class=\"section\">\n<div class=\"layoutArea\">\n<div class=\"column\">\n<p>\u00c0 PROPOS DE LA FI\u00c8VRE DU G G GING POUR LA FI\u00c8VRE DU G G G G<\/p>\n<p><em>Following up on the success\u00a0of \u201cThe Original\u201d was a challenge\u00a0Moussa took without hesitation. As ginger pairs wonderfully well with hibiscus, creating \u201cGinger Fever\u201d was a logical\u00a0next step. Made with the best African ginger roots and carefully\u00a0balanced, \u201cGinger Fever\u201d is the perfect drink for those who like \u201cThe Original\u201d with an extra bite of spiciness.<\/em><\/p>\n<p>POURQUOI CHOISIR LA FI\u00c8VRE DU GINGEMBRE<\/p>\n<p><em>Vous recherchez la sensation de \"Moussa's Bissap The Original\" avec une touche suppl\u00e9mentaire ? Servez \u00e0 vos invit\u00e9s une \"fi\u00e8vre du gingembre\" rafra\u00eechissante pour pimenter leur exp\u00e9rience non alcoolis\u00e9e avec une touche de gingembre africain. Fabriqu\u00e9 avec soin pour les personnes au c\u0153ur sauvage. Roarrr !<\/em><\/p>\n<\/div>\n<\/div>\n<\/div>\n<\/div>\n<!--themify_builder_content-->\n<div id=\"themify_builder_content-479\" data-postid=\"479\" class=\"themify_builder_content themify_builder_content-479 themify_builder tf_clear\">\n    <\/div>\n<!--\/themify_builder_content-->","protected":false},"excerpt":{"rendered":"<div class=\"page\" title=\"Page 7\">\n<div class=\"section\">\n<div class=\"layoutArea\">\n<div class=\"column\">\n<p>INGR\u00c9DIENTS<\/p>\n<p>Hibiscus, Ginger &amp; Mint<\/p>\n<p>PROFIL DU GO\u00dbT<\/p>\n<p><em>Perfectly balanced between sweet and sour. Refreshing when served cold, heart-warming\u00a0when served warm. Always with a spicy bite at the end.<\/em><\/p>\n<p>ABOUT HIBISCUS<\/p>\n<p><em>High in antioxidants, vitamin C, riboflavin, iron &amp; niacin, hibiscus sabdariffa supports your heart, reduces hypertension, prevents bladder infections, cleanses kidneys, helps\u00a0<\/em><em>control\u00a0cholesterol and, packed with\u00a0<\/em><em>anti-inflammatory\u00a0and antioxidant effects, gives you all the benefits of ginger for digestion, nausea, the flu and common colds. The ancient Egyptians, it is said, believed it to be an\u00a0<\/em><em>aphrodisiac.<\/em><\/p>\n<\/div>\n<\/div>\n<\/div>\n<\/div>","protected":false},"featured_media":1558,"comment_status":"open","ping_status":"closed","template":"","meta":[],"product_cat":[159],"product_tag":[],"builder_content":"","_links":{"self":[{"href":"https:\/\/www.bis-sap.com\/fr\/wp-json\/wp\/v2\/product\/479"}],"collection":[{"href":"https:\/\/www.bis-sap.com\/fr\/wp-json\/wp\/v2\/product"}],"about":[{"href":"https:\/\/www.bis-sap.com\/fr\/wp-json\/wp\/v2\/types\/product"}],"replies":[{"embeddable":true,"href":"https:\/\/www.bis-sap.com\/fr\/wp-json\/wp\/v2\/comments?post=479"}],"version-history":[{"count":5,"href":"https:\/\/www.bis-sap.com\/fr\/wp-json\/wp\/v2\/product\/479\/revisions"}],"predecessor-version":[{"id":2963,"href":"https:\/\/www.bis-sap.com\/fr\/wp-json\/wp\/v2\/product\/479\/revisions\/2963"}],"wp:featuredmedia":[{"embeddable":true,"href":"https:\/\/www.bis-sap.com\/fr\/wp-json\/wp\/v2\/media\/1558"}],"wp:attachment":[{"href":"https:\/\/www.bis-sap.com\/fr\/wp-json\/wp\/v2\/media?parent=479"}],"wp:term":[{"taxonomy":"product_cat","embeddable":true,"href":"https:\/\/www.bis-sap.com\/fr\/wp-json\/wp\/v2\/product_cat?post=479"},{"taxonomy":"product_tag","embeddable":true,"href":"https:\/\/www.bis-sap.com\/fr\/wp-json\/wp\/v2\/product_tag?post=479"}],"curies":[{"name":"wp","href":"https:\/\/api.w.org\/{rel}","templated":true}]}}